{"id":523,"date":"2021-03-25T14:33:56","date_gmt":"2021-03-25T14:33:56","guid":{"rendered":"https:\/\/elnaharmarble.com\/?page_id=523"},"modified":"2023-10-28T13:06:15","modified_gmt":"2023-10-28T13:06:15","slug":"egyptian-marble","status":"publish","type":"page","link":"https:\/\/ru.elnaharmarble.com\/tr\/egyptian-marble\/","title":{"rendered":"marble"},"content":{"rendered":"<div data-elementor-type=\"wp-page\" data-elementor-id=\"523\" class=\"elementor elementor-523\" data-elementor-post-type=\"page\">\n\t\t\t\t\t\t<section class=\"elementor-section elementor-top-section elementor-element elementor-element-881ff28 elementor-section-height-min-height elementor-section-items-bottom elementor-section-boxed elementor-section-height-default\" data-id=\"881ff28\" data-element_type=\"section\" data-e-type=\"section\" data-settings=\"{&quot;background_background&quot;:&quot;classic&quot;}\">\n\t\t\t\t\t\t\t<div class=\"elementor-background-overlay\"><\/div>\n\t\t\t\t\t\t\t<div class=\"elementor-container elementor-column-gap-default\">\n\t\t\t\t\t<div class=\"elementor-column elementor-col-100 elementor-top-column elementor-element elementor-element-6b54c6e\" data-id=\"6b54c6e\" data-element_type=\"column\" data-e-type=\"column\">\n\t\t\t<div class=\"elementor-widget-wrap elementor-element-populated\">\n\t\t\t\t\t\t<div class=\"elementor-element elementor-element-034e83c elementor-widget elementor-widget-heading\" data-id=\"034e83c\" data-element_type=\"widget\" data-e-type=\"widget\" data-widget_type=\"heading.default\">\n\t\t\t\t<div class=\"elementor-widget-container\">\n\t\t\t\t\t<h2 class=\"elementor-heading-title elementor-size-default\">Mermer<\/h2>\t\t\t\t<\/div>\n\t\t\t\t<\/div>\n\t\t\t\t<div class=\"elementor-element elementor-element-89b4c33 elementor-invisible elementor-widget elementor-widget-text-editor\" data-id=\"89b4c33\" data-element_type=\"widget\" data-e-type=\"widget\" data-settings=\"{&quot;_animation&quot;:&quot;flash&quot;}\" data-widget_type=\"text-editor.default\">\n\t\t\t\t<div class=\"elementor-widget-container\">\n\t\t\t\t\t\t\t\t\t<p>Do\u011fal g\u00fczelli\u011fi evinize getiriyor<\/p>\t\t\t\t\t\t\t\t<\/div>\n\t\t\t\t<\/div>\n\t\t\t\t<div class=\"elementor-element elementor-element-02b770b elementor-widget elementor-widget-spacer\" data-id=\"02b770b\" data-element_type=\"widget\" data-e-type=\"widget\" data-widget_type=\"spacer.default\">\n\t\t\t\t<div class=\"elementor-widget-container\">\n\t\t\t\t\t\t\t<div class=\"elementor-spacer\">\n\t\t\t<div class=\"elementor-spacer-inner\"><\/div>\n\t\t<\/div>\n\t\t\t\t\t\t<\/div>\n\t\t\t\t<\/div>\n\t\t\t\t\t<\/div>\n\t\t<\/div>\n\t\t\t\t\t<\/div>\n\t\t<\/section>\n\t\t\t\t<section class=\"elementor-section elementor-top-section elementor-element elementor-element-07bf370 elementor-section-boxed elementor-section-height-default elementor-section-height-default\" data-id=\"07bf370\" data-element_type=\"section\" data-e-type=\"section\">\n\t\t\t\t\t\t<div class=\"elementor-container elementor-column-gap-default\">\n\t\t\t\t\t<div class=\"elementor-column elementor-col-100 elementor-top-column elementor-element elementor-element-8aaad2f\" data-id=\"8aaad2f\" data-element_type=\"column\" data-e-type=\"column\">\n\t\t\t<div class=\"elementor-widget-wrap elementor-element-populated\">\n\t\t\t\t\t\t<div class=\"elementor-element elementor-element-2d0cec4 elementor-widget elementor-widget-text-editor\" data-id=\"2d0cec4\" data-element_type=\"widget\" data-e-type=\"widget\" data-widget_type=\"text-editor.default\">\n\t\t\t\t<div class=\"elementor-widget-container\">\n\t\t\t\t\t\t\t\t\t<p>Mermer ilham\u0131 i\u00e7 ve d\u0131\u015f mekanlar\u0131 dekore etmek i\u00e7in s\u00fcrekli yenileniyor. Hayalinizdeki tasar\u0131mdan veya tasar\u0131m ekibimizden ilham al\u0131n.<\/p>\t\t\t\t\t\t\t\t<\/div>\n\t\t\t\t<\/div>\n\t\t\t\t\t<\/div>\n\t\t<\/div>\n\t\t\t\t\t<\/div>\n\t\t<\/section>\n\t\t\t\t<section class=\"elementor-section elementor-top-section elementor-element elementor-element-4b0bcd0 elementor-section-boxed elementor-section-height-default elementor-section-height-default\" data-id=\"4b0bcd0\" data-element_type=\"section\" data-e-type=\"section\">\n\t\t\t\t\t\t<div class=\"elementor-container elementor-column-gap-default\">\n\t\t\t\t\t<div class=\"elementor-column elementor-col-33 elementor-top-column elementor-element elementor-element-2cd46d86\" data-id=\"2cd46d86\" data-element_type=\"column\" data-e-type=\"column\">\n\t\t\t<div class=\"elementor-widget-wrap elementor-element-populated\">\n\t\t\t\t\t\t<div class=\"elementor-element elementor-element-f43c24d elementor-widget elementor-widget-theme-post-featured-image elementor-widget-image\" data-id=\"f43c24d\" data-element_type=\"widget\" data-e-type=\"widget\" data-widget_type=\"theme-post-featured-image.default\">\n\t\t\t\t<div class=\"elementor-widget-container\">\n\t\t\t\t\t\t\t\t\t\t\t\t<figure class=\"wp-caption\">\n\t\t\t\t\t\t\t\t\t\t<img fetchpriority=\"high\" decoding=\"async\" width=\"500\" height=\"500\" src=\"https:\/\/ru.elnaharmarble.com\/wp-content\/uploads\/2022\/06\/filletto.png\" class=\"elementor-animation-hang attachment-large size-large wp-image-1530\" alt=\"\" srcset=\"https:\/\/ru.elnaharmarble.com\/wp-content\/uploads\/2022\/06\/filletto.png 500w, https:\/\/ru.elnaharmarble.com\/wp-content\/uploads\/2022\/06\/filletto-300x300.png 300w, https:\/\/ru.elnaharmarble.com\/wp-content\/uploads\/2022\/06\/filletto-150x150.png 150w\" sizes=\"(max-width: 500px) 100vw, 500px\" \/>\t\t\t\t\t\t\t\t\t\t\t<figcaption class=\"widget-image-caption wp-caption-text\">filletto<\/figcaption>\n\t\t\t\t\t\t\t\t\t\t<\/figure>\n\t\t\t\t\t\t\t\t\t<\/div>\n\t\t\t\t<\/div>\n\t\t\t\t<div class=\"elementor-element elementor-element-3a328929 elementor-widget elementor-widget-theme-post-featured-image elementor-widget-image\" data-id=\"3a328929\" data-element_type=\"widget\" data-e-type=\"widget\" data-widget_type=\"theme-post-featured-image.default\">\n\t\t\t\t<div class=\"elementor-widget-container\">\n\t\t\t\t\t\t\t\t\t\t\t\t<figure class=\"wp-caption\">\n\t\t\t\t\t\t\t\t\t\t<img decoding=\"async\" width=\"500\" height=\"500\" src=\"https:\/\/ru.elnaharmarble.com\/wp-content\/uploads\/2022\/06\/kathrin.png\" class=\"elementor-animation-hang attachment-large size-large wp-image-1533\" alt=\"\" srcset=\"https:\/\/ru.elnaharmarble.com\/wp-content\/uploads\/2022\/06\/kathrin.png 500w, https:\/\/ru.elnaharmarble.com\/wp-content\/uploads\/2022\/06\/kathrin-300x300.png 300w, https:\/\/ru.elnaharmarble.com\/wp-content\/uploads\/2022\/06\/kathrin-150x150.png 150w\" sizes=\"(max-width: 500px) 100vw, 500px\" \/>\t\t\t\t\t\t\t\t\t\t\t<figcaption class=\"widget-image-caption wp-caption-text\">kathrin<\/figcaption>\n\t\t\t\t\t\t\t\t\t\t<\/figure>\n\t\t\t\t\t\t\t\t\t<\/div>\n\t\t\t\t<\/div>\n\t\t\t\t<div class=\"elementor-element elementor-element-7764d989 elementor-widget elementor-widget-theme-post-featured-image elementor-widget-image\" data-id=\"7764d989\" data-element_type=\"widget\" data-e-type=\"widget\" data-widget_type=\"theme-post-featured-image.default\">\n\t\t\t\t<div class=\"elementor-widget-container\">\n\t\t\t\t\t\t\t\t\t\t\t\t<figure class=\"wp-caption\">\n\t\t\t\t\t\t\t\t\t\t<img decoding=\"async\" width=\"500\" height=\"500\" src=\"https:\/\/ru.elnaharmarble.com\/wp-content\/uploads\/2022\/06\/coffee-cream.png\" class=\"elementor-animation-hang attachment-large size-large wp-image-1539\" alt=\"\" srcset=\"https:\/\/ru.elnaharmarble.com\/wp-content\/uploads\/2022\/06\/coffee-cream.png 500w, https:\/\/ru.elnaharmarble.com\/wp-content\/uploads\/2022\/06\/coffee-cream-300x300.png 300w, https:\/\/ru.elnaharmarble.com\/wp-content\/uploads\/2022\/06\/coffee-cream-150x150.png 150w\" sizes=\"(max-width: 500px) 100vw, 500px\" \/>\t\t\t\t\t\t\t\t\t\t\t<figcaption class=\"widget-image-caption wp-caption-text\">coffee cream<\/figcaption>\n\t\t\t\t\t\t\t\t\t\t<\/figure>\n\t\t\t\t\t\t\t\t\t<\/div>\n\t\t\t\t<\/div>\n\t\t\t\t<div class=\"elementor-element elementor-element-39cf685 elementor-widget elementor-widget-theme-post-featured-image elementor-widget-image\" data-id=\"39cf685\" data-element_type=\"widget\" data-e-type=\"widget\" data-widget_type=\"theme-post-featured-image.default\">\n\t\t\t\t<div class=\"elementor-widget-container\">\n\t\t\t\t\t\t\t\t\t\t\t\t<figure class=\"wp-caption\">\n\t\t\t\t\t\t\t\t\t\t<img loading=\"lazy\" decoding=\"async\" width=\"500\" height=\"500\" src=\"https:\/\/ru.elnaharmarble.com\/wp-content\/uploads\/2022\/06\/nilo-gray.png\" class=\"elementor-animation-hang attachment-large size-large wp-image-1535\" alt=\"\" srcset=\"https:\/\/ru.elnaharmarble.com\/wp-content\/uploads\/2022\/06\/nilo-gray.png 500w, https:\/\/ru.elnaharmarble.com\/wp-content\/uploads\/2022\/06\/nilo-gray-300x300.png 300w, https:\/\/ru.elnaharmarble.com\/wp-content\/uploads\/2022\/06\/nilo-gray-150x150.png 150w\" sizes=\"(max-width: 500px) 100vw, 500px\" \/>\t\t\t\t\t\t\t\t\t\t\t<figcaption class=\"widget-image-caption wp-caption-text\">nilo gray<\/figcaption>\n\t\t\t\t\t\t\t\t\t\t<\/figure>\n\t\t\t\t\t\t\t\t\t<\/div>\n\t\t\t\t<\/div>\n\t\t\t\t\t<\/div>\n\t\t<\/div>\n\t\t\t\t<div class=\"elementor-column elementor-col-33 elementor-top-column elementor-element elementor-element-bce1203\" data-id=\"bce1203\" data-element_type=\"column\" data-e-type=\"column\">\n\t\t\t<div class=\"elementor-widget-wrap elementor-element-populated\">\n\t\t\t\t\t\t<div class=\"elementor-element elementor-element-78003d9 elementor-widget elementor-widget-theme-post-featured-image elementor-widget-image\" data-id=\"78003d9\" data-element_type=\"widget\" data-e-type=\"widget\" data-widget_type=\"theme-post-featured-image.default\">\n\t\t\t\t<div class=\"elementor-widget-container\">\n\t\t\t\t\t\t\t\t\t\t\t\t<figure class=\"wp-caption\">\n\t\t\t\t\t\t\t\t\t\t<img loading=\"lazy\" decoding=\"async\" width=\"500\" height=\"500\" src=\"https:\/\/ru.elnaharmarble.com\/wp-content\/uploads\/2022\/06\/emperil-bronze.png\" class=\"elementor-animation-hang attachment-large size-large wp-image-1529\" alt=\"\" srcset=\"https:\/\/ru.elnaharmarble.com\/wp-content\/uploads\/2022\/06\/emperil-bronze.png 500w, https:\/\/ru.elnaharmarble.com\/wp-content\/uploads\/2022\/06\/emperil-bronze-300x300.png 300w, https:\/\/ru.elnaharmarble.com\/wp-content\/uploads\/2022\/06\/emperil-bronze-150x150.png 150w\" sizes=\"(max-width: 500px) 100vw, 500px\" \/>\t\t\t\t\t\t\t\t\t\t\t<figcaption class=\"widget-image-caption wp-caption-text\">emperil bronze<\/figcaption>\n\t\t\t\t\t\t\t\t\t\t<\/figure>\n\t\t\t\t\t\t\t\t\t<\/div>\n\t\t\t\t<\/div>\n\t\t\t\t<div class=\"elementor-element elementor-element-2a175fa0 elementor-widget elementor-widget-theme-post-featured-image elementor-widget-image\" data-id=\"2a175fa0\" data-element_type=\"widget\" data-e-type=\"widget\" data-widget_type=\"theme-post-featured-image.default\">\n\t\t\t\t<div class=\"elementor-widget-container\">\n\t\t\t\t\t\t\t\t\t\t\t\t<figure class=\"wp-caption\">\n\t\t\t\t\t\t\t\t\t\t<img loading=\"lazy\" decoding=\"async\" width=\"500\" height=\"500\" src=\"https:\/\/ru.elnaharmarble.com\/wp-content\/uploads\/2022\/06\/Galala-1.png\" class=\"elementor-animation-hang attachment-large size-large wp-image-1972\" alt=\"\" srcset=\"https:\/\/ru.elnaharmarble.com\/wp-content\/uploads\/2022\/06\/Galala-1.png 500w, https:\/\/ru.elnaharmarble.com\/wp-content\/uploads\/2022\/06\/Galala-1-300x300.png 300w, https:\/\/ru.elnaharmarble.com\/wp-content\/uploads\/2022\/06\/Galala-1-150x150.png 150w\" sizes=\"(max-width: 500px) 100vw, 500px\" \/>\t\t\t\t\t\t\t\t\t\t\t<figcaption class=\"widget-image-caption wp-caption-text\">Galala<\/figcaption>\n\t\t\t\t\t\t\t\t\t\t<\/figure>\n\t\t\t\t\t\t\t\t\t<\/div>\n\t\t\t\t<\/div>\n\t\t\t\t<div class=\"elementor-element elementor-element-73a245fc elementor-widget elementor-widget-theme-post-featured-image elementor-widget-image\" data-id=\"73a245fc\" data-element_type=\"widget\" data-e-type=\"widget\" data-widget_type=\"theme-post-featured-image.default\">\n\t\t\t\t<div class=\"elementor-widget-container\">\n\t\t\t\t\t\t\t\t\t\t\t\t<figure class=\"wp-caption\">\n\t\t\t\t\t\t\t\t\t\t<img loading=\"lazy\" decoding=\"async\" width=\"500\" height=\"500\" src=\"https:\/\/ru.elnaharmarble.com\/wp-content\/uploads\/2022\/06\/sunny-1.png\" class=\"elementor-animation-hang attachment-large size-large wp-image-1960\" alt=\"\" srcset=\"https:\/\/ru.elnaharmarble.com\/wp-content\/uploads\/2022\/06\/sunny-1.png 500w, https:\/\/ru.elnaharmarble.com\/wp-content\/uploads\/2022\/06\/sunny-1-300x300.png 300w, https:\/\/ru.elnaharmarble.com\/wp-content\/uploads\/2022\/06\/sunny-1-150x150.png 150w\" sizes=\"(max-width: 500px) 100vw, 500px\" \/>\t\t\t\t\t\t\t\t\t\t\t<figcaption class=\"widget-image-caption wp-caption-text\">sunny<\/figcaption>\n\t\t\t\t\t\t\t\t\t\t<\/figure>\n\t\t\t\t\t\t\t\t\t<\/div>\n\t\t\t\t<\/div>\n\t\t\t\t<div class=\"elementor-element elementor-element-dbe0832 elementor-widget elementor-widget-theme-post-featured-image elementor-widget-image\" data-id=\"dbe0832\" data-element_type=\"widget\" data-e-type=\"widget\" data-widget_type=\"theme-post-featured-image.default\">\n\t\t\t\t<div class=\"elementor-widget-container\">\n\t\t\t\t\t\t\t\t\t\t\t\t<figure class=\"wp-caption\">\n\t\t\t\t\t\t\t\t\t\t<img loading=\"lazy\" decoding=\"async\" width=\"500\" height=\"500\" src=\"https:\/\/ru.elnaharmarble.com\/wp-content\/uploads\/2022\/06\/pyramid-cream.png\" class=\"elementor-animation-hang attachment-large size-large wp-image-1536\" alt=\"\" srcset=\"https:\/\/ru.elnaharmarble.com\/wp-content\/uploads\/2022\/06\/pyramid-cream.png 500w, https:\/\/ru.elnaharmarble.com\/wp-content\/uploads\/2022\/06\/pyramid-cream-300x300.png 300w, https:\/\/ru.elnaharmarble.com\/wp-content\/uploads\/2022\/06\/pyramid-cream-150x150.png 150w\" sizes=\"(max-width: 500px) 100vw, 500px\" \/>\t\t\t\t\t\t\t\t\t\t\t<figcaption class=\"widget-image-caption wp-caption-text\">pyramid cream<\/figcaption>\n\t\t\t\t\t\t\t\t\t\t<\/figure>\n\t\t\t\t\t\t\t\t\t<\/div>\n\t\t\t\t<\/div>\n\t\t\t\t\t<\/div>\n\t\t<\/div>\n\t\t\t\t<div class=\"elementor-column elementor-col-33 elementor-top-column elementor-element elementor-element-e7e40e6\" data-id=\"e7e40e6\" data-element_type=\"column\" data-e-type=\"column\">\n\t\t\t<div class=\"elementor-widget-wrap elementor-element-populated\">\n\t\t\t\t\t\t<div class=\"elementor-element elementor-element-268a10ce elementor-widget elementor-widget-theme-post-featured-image elementor-widget-image\" data-id=\"268a10ce\" data-element_type=\"widget\" data-e-type=\"widget\" data-widget_type=\"theme-post-featured-image.default\">\n\t\t\t\t<div class=\"elementor-widget-container\">\n\t\t\t\t\t\t\t\t\t\t\t\t<figure class=\"wp-caption\">\n\t\t\t\t\t\t\t\t\t\t<img loading=\"lazy\" decoding=\"async\" width=\"500\" height=\"500\" src=\"https:\/\/ru.elnaharmarble.com\/wp-content\/uploads\/2022\/06\/Golden-Sina-1.png\" class=\"elementor-animation-hang attachment-large size-large wp-image-1968\" alt=\"\" srcset=\"https:\/\/ru.elnaharmarble.com\/wp-content\/uploads\/2022\/06\/Golden-Sina-1.png 500w, https:\/\/ru.elnaharmarble.com\/wp-content\/uploads\/2022\/06\/Golden-Sina-1-300x300.png 300w, https:\/\/ru.elnaharmarble.com\/wp-content\/uploads\/2022\/06\/Golden-Sina-1-150x150.png 150w\" sizes=\"(max-width: 500px) 100vw, 500px\" \/>\t\t\t\t\t\t\t\t\t\t\t<figcaption class=\"widget-image-caption wp-caption-text\">Golden Sina<\/figcaption>\n\t\t\t\t\t\t\t\t\t\t<\/figure>\n\t\t\t\t\t\t\t\t\t<\/div>\n\t\t\t\t<\/div>\n\t\t\t\t<div class=\"elementor-element elementor-element-27275709 elementor-widget elementor-widget-theme-post-featured-image elementor-widget-image\" data-id=\"27275709\" data-element_type=\"widget\" data-e-type=\"widget\" data-widget_type=\"theme-post-featured-image.default\">\n\t\t\t\t<div class=\"elementor-widget-container\">\n\t\t\t\t\t\t\t\t\t\t\t\t<figure class=\"wp-caption\">\n\t\t\t\t\t\t\t\t\t\t<img loading=\"lazy\" decoding=\"async\" width=\"500\" height=\"500\" src=\"https:\/\/ru.elnaharmarble.com\/wp-content\/uploads\/2022\/06\/Milly-Brown-1.png\" class=\"elementor-animation-hang attachment-large size-large wp-image-1964\" alt=\"\" srcset=\"https:\/\/ru.elnaharmarble.com\/wp-content\/uploads\/2022\/06\/Milly-Brown-1.png 500w, https:\/\/ru.elnaharmarble.com\/wp-content\/uploads\/2022\/06\/Milly-Brown-1-300x300.png 300w, https:\/\/ru.elnaharmarble.com\/wp-content\/uploads\/2022\/06\/Milly-Brown-1-150x150.png 150w\" sizes=\"(max-width: 500px) 100vw, 500px\" \/>\t\t\t\t\t\t\t\t\t\t\t<figcaption class=\"widget-image-caption wp-caption-text\">Milly Brown<\/figcaption>\n\t\t\t\t\t\t\t\t\t\t<\/figure>\n\t\t\t\t\t\t\t\t\t<\/div>\n\t\t\t\t<\/div>\n\t\t\t\t<div class=\"elementor-element elementor-element-7e4fd5c5 elementor-widget elementor-widget-theme-post-featured-image elementor-widget-image\" data-id=\"7e4fd5c5\" data-element_type=\"widget\" data-e-type=\"widget\" data-widget_type=\"theme-post-featured-image.default\">\n\t\t\t\t<div class=\"elementor-widget-container\">\n\t\t\t\t\t\t\t\t\t\t\t\t<figure class=\"wp-caption\">\n\t\t\t\t\t\t\t\t\t\t<img loading=\"lazy\" decoding=\"async\" width=\"500\" height=\"500\" src=\"https:\/\/ru.elnaharmarble.com\/wp-content\/uploads\/2022\/06\/silvia-1.png\" class=\"elementor-animation-hang attachment-large size-large wp-image-1958\" alt=\"\" srcset=\"https:\/\/ru.elnaharmarble.com\/wp-content\/uploads\/2022\/06\/silvia-1.png 500w, https:\/\/ru.elnaharmarble.com\/wp-content\/uploads\/2022\/06\/silvia-1-300x300.png 300w, https:\/\/ru.elnaharmarble.com\/wp-content\/uploads\/2022\/06\/silvia-1-150x150.png 150w\" sizes=\"(max-width: 500px) 100vw, 500px\" \/>\t\t\t\t\t\t\t\t\t\t\t<figcaption class=\"widget-image-caption wp-caption-text\">silvia<\/figcaption>\n\t\t\t\t\t\t\t\t\t\t<\/figure>\n\t\t\t\t\t\t\t\t\t<\/div>\n\t\t\t\t<\/div>\n\t\t\t\t<div class=\"elementor-element elementor-element-69b45de elementor-widget elementor-widget-theme-post-featured-image elementor-widget-image\" data-id=\"69b45de\" data-element_type=\"widget\" data-e-type=\"widget\" data-widget_type=\"theme-post-featured-image.default\">\n\t\t\t\t<div class=\"elementor-widget-container\">\n\t\t\t\t\t\t\t\t\t\t\t\t<figure class=\"wp-caption\">\n\t\t\t\t\t\t\t\t\t\t<img loading=\"lazy\" decoding=\"async\" width=\"500\" height=\"500\" src=\"https:\/\/ru.elnaharmarble.com\/wp-content\/uploads\/2022\/06\/coffee-grey.png\" class=\"elementor-animation-hang attachment-large size-large wp-image-1528\" alt=\"\" srcset=\"https:\/\/ru.elnaharmarble.com\/wp-content\/uploads\/2022\/06\/coffee-grey.png 500w, https:\/\/ru.elnaharmarble.com\/wp-content\/uploads\/2022\/06\/coffee-grey-300x300.png 300w, https:\/\/ru.elnaharmarble.com\/wp-content\/uploads\/2022\/06\/coffee-grey-150x150.png 150w\" sizes=\"(max-width: 500px) 100vw, 500px\" \/>\t\t\t\t\t\t\t\t\t\t\t<figcaption class=\"widget-image-caption wp-caption-text\">coffee grey<\/figcaption>\n\t\t\t\t\t\t\t\t\t\t<\/figure>\n\t\t\t\t\t\t\t\t\t<\/div>\n\t\t\t\t<\/div>\n\t\t\t\t\t<\/div>\n\t\t<\/div>\n\t\t\t\t\t<\/div>\n\t\t<\/section>\n\t\t\t\t<\/div>","protected":false},"excerpt":{"rendered":"<p>\u041c\u0440\u0430\u043c\u043e\u0440 \u041f\u0440\u0438\u043d\u043e\u0441\u0438\u0442 \u0435\u0441\u0442\u0435\u0441\u0442\u0432\u0435\u043d\u043d\u0443\u044e \u043a\u0440\u0430\u0441\u043e\u0442\u0443 \u0432 \u0432\u0430\u0448 \u0434\u043e\u043c \u0412\u0434\u043e\u0445\u043d\u043e\u0432\u0435\u043d\u0438\u0435 \u0438\u0437 \u043c\u0440\u0430\u043c\u043e\u0440\u0430 \u043f\u043e\u0441\u0442\u043e\u044f\u043d\u043d\u043e \u043e\u0431\u043d\u043e\u0432\u043b\u044f\u0435\u0442\u0441\u044f \u0434\u043b\u044f \u0443\u043a\u0440\u0430\u0448\u0435\u043d\u0438\u044f \u0438\u043d\u0442\u0435\u0440\u044c\u0435\u0440\u043e\u0432 \u0438 \u044d\u043a\u0441\u0442\u0435\u0440\u044c\u0435\u0440\u043e\u0432. \u0412\u0434\u043e\u0445\u043d\u043e\u0432\u043b\u0435\u043d\u043d\u044b\u0439 \u0434\u0438\u0437\u0430\u0439\u043d\u043e\u043c \u0432\u0430\u0448\u0435\u0439 \u043c\u0435\u0447\u0442\u044b \u0438\u043b\u0438 \u0432\u0434\u043e\u0445\u043d\u043e\u0432\u043b\u0435\u043d\u043d\u044b\u0439 \u043d\u0430\u0448\u0435\u0439 \u043a\u043e\u043c\u0430\u043d\u0434\u043e\u0439 \u0434\u0438\u0437\u0430\u0439\u043d\u0435\u0440\u043e\u0432.<\/p>","protected":false},"author":2,"featured_media":0,"parent":0,"menu_order":0,"comment_status":"closed","ping_status":"closed","template":"","meta":{"site-sidebar-layout":"no-sidebar","site-content-layout":"page-builder","ast-site-content-layout":"default","site-content-style":"default","site-sidebar-style":"default","ast-global-header-display":"","ast-banner-title-visibility":"","ast-main-header-display":"","ast-hfb-above-header-display":"","ast-hfb-below-header-display":"","ast-hfb-mobile-header-display":"","site-post-title":"disabled","ast-breadcrumbs-content":"","ast-featured-img":"disabled","footer-sml-layout":"","theme-transparent-header-meta":"enabled","adv-header-id-meta":"","stick-header-meta":"","header-above-stick-meta":"","header-main-stick-meta":"","header-below-stick-meta":"","astra-migrate-meta-layouts":"default","ast-page-background-enabled":"default","ast-page-background-meta":{"desktop":{"background-color":"","background-image":"","background-repeat":"repeat","background-position":"center center","background-size":"auto","background-attachment":"scroll","background-type":"","background-media":"","overlay-type":"","overlay-color":"","overlay-opacity":"","overlay-gradient":""},"tablet":{"background-color":"","background-image":"","background-repeat":"repeat","background-position":"center center","background-size":"auto","background-attachment":"scroll","background-type":"","background-media":"","overlay-type":"","overlay-color":"","overlay-opacity":"","overlay-gradient":""},"mobile":{"background-color":"","background-image":"","background-repeat":"repeat","background-position":"center center","background-size":"auto","background-attachment":"scroll","background-type":"","background-media":"","overlay-type":"","overlay-color":"","overlay-opacity":"","overlay-gradient":""}},"ast-content-background-meta":{"desktop":{"background-color":"var(--ast-global-color-5)","background-image":"","background-repeat":"repeat","background-position":"center center","background-size":"auto","background-attachment":"scroll","background-type":"","background-media":"","overlay-type":"","overlay-color":"","overlay-opacity":"","overlay-gradient":""},"tablet":{"background-color":"var(--ast-global-color-5)","background-image":"","background-repeat":"repeat","background-position":"center center","background-size":"auto","background-attachment":"scroll","background-type":"","background-media":"","overlay-type":"","overlay-color":"","overlay-opacity":"","overlay-gradient":""},"mobile":{"background-color":"var(--ast-global-color-5)","background-image":"","background-repeat":"repeat","background-position":"center center","background-size":"auto","background-attachment":"scroll","background-type":"","background-media":"","overlay-type":"","overlay-color":"","overlay-opacity":"","overlay-gradient":""}},"footnotes":""},"tags":[37,17,63,62,61,70,71,28,69,68,60,67,22,80,77,79,78,47,59,48,26,31,15,38,43,18,30,58,57,19,56,55,54,12,33,27,34,7,24,10,9,23,29,13,16,41,25,8,35,11,53,20,42,52,49,51,50,65,66,44,46,88,87,86,85,84,74,76,40,75,73,45,39,72,21,36,83,64,14,82,81],"class_list":["post-523","page","type-page","status-publish","hentry","tag-a-marble-and-granite","tag-best-granite-and-marble","tag-black-aswan","tag-black-daghash","tag-black-quseir","tag-brescia","tag-dark-grey","tag-egyptian-granite","tag-emperador","tag-emperador-dark","tag-fersan","tag-fletto","tag-for-marble","tag-galala-cream","tag-galala-fas","tag-galala-light","tag-galala-rose","tag-gallala-marble-polish","tag-gandona","tag-granite-ancient-egypt","tag-granite-and-marble-factory","tag-granite-egypt","tag-granite-factory","tag-granite-halaib-flamed","tag-granite-halaib-polish","tag-granite-marble","tag-granite-to-marble","tag-gray-dark","tag-gray-isis","tag-grey-marble","tag-halaib","tag-kashmir","tag-kemet-brown","tag-marble-and-granite","tag-marble-and-granite-companies-in-egypt","tag-marble-and-granite-factory","tag-marble-companies-in-egypt","tag-marble-countertops","tag-marble-factory","tag-marble-floor-tiles","tag-marble-flooring","tag-marble-granites","tag-marble-manufacturing","tag-marble-polish","tag-marble-price","tag-marble-price-in-egypt","tag-marble-stone-egypt","tag-marble-tiles","tag-marble-types-in-egypt","tag-natural-stone-tile","tag-new-halaib","tag-pink-marble","tag-pvc-marble-egypt","tag-red-aswan","tag-red-granite-egypt","tag-red-royal","tag-red-sphinx","tag-rosalia-dark","tag-rose-el-nasr","tag-selvia-marble-polish","tag-selvia-marble-prashd","tag-silvia-menia","tag-sinai-pearl","tag-sinai-pearl-black","tag-sinai-pearl-grey","tag-sofia","tag-sunny-dark","tag-sunny-light","tag-sunny-marble","tag-sunny-medium","tag-sunny-menia","tag-sunny-menia-posh-hammer","tag-sunny-menia-prashd","tag-sunny-ross","tag-the-best-marble","tag-the-granite-and-marble-factory","tag-travertine","tag-verdy","tag-white-marble","tag-zafarana-flowers","tag-zafarana-vein-cut"],"_links":{"self":[{"href":"https:\/\/ru.elnaharmarble.com\/tr\/wp-json\/wp\/v2\/pages\/523","targetHints":{"allow":["GET"]}}],"collection":[{"href":"https:\/\/ru.elnaharmarble.com\/tr\/wp-json\/wp\/v2\/pages"}],"about":[{"href":"https:\/\/ru.elnaharmarble.com\/tr\/wp-json\/wp\/v2\/types\/page"}],"author":[{"embeddable":true,"href":"https:\/\/ru.elnaharmarble.com\/tr\/wp-json\/wp\/v2\/users\/2"}],"replies":[{"embeddable":true,"href":"https:\/\/ru.elnaharmarble.com\/tr\/wp-json\/wp\/v2\/comments?post=523"}],"version-history":[{"count":0,"href":"https:\/\/ru.elnaharmarble.com\/tr\/wp-json\/wp\/v2\/pages\/523\/revisions"}],"wp:attachment":[{"href":"https:\/\/ru.elnaharmarble.com\/tr\/wp-json\/wp\/v2\/media?parent=523"}],"wp:term":[{"taxonomy":"post_tag","embeddable":true,"href":"https:\/\/ru.elnaharmarble.com\/tr\/wp-json\/wp\/v2\/tags?post=523"}],"curies":[{"name":"wp","href":"https:\/\/api.w.org\/{rel}","templated":true}]}}